{"id":278,"date":"2022-04-19T13:18:05","date_gmt":"2022-04-19T11:18:05","guid":{"rendered":"http:\/\/motodev.be\/?page_id=278"},"modified":"2022-05-11T10:33:52","modified_gmt":"2022-05-11T08:33:52","slug":"so-watts","status":"publish","type":"page","link":"https:\/\/motodev.be\/?page_id=278","title":{"rendered":"So Watts"},"content":{"rendered":"<p><div class=\"fusion-fullwidth fullwidth-box fusion-builder-row-1 fusion-flex-container nonhundred-percent-fullwidth non-hundred-percent-height-scrolling\" style=\"background-color: rgba(255,255,255,0);background-position: center center;background-repeat: no-repeat;border-width: 0px 0px 0px 0px;border-color:#e2e2e2;border-style:solid;\" ><div class=\"fusion-builder-row fusion-row fusion-flex-align-items-flex-start\" style=\"max-width:1248px;margin-left: calc(-4% \/ 2 );margin-right: calc(-4% \/ 2 );\"><div class=\"fusion-layout-column fusion_builder_column fusion-builder-column-0 fusion_builder_column_1_1 1_1 fusion-flex-column\"><div class=\"fusion-column-wrapper fusion-flex-justify-content-flex-start fusion-content-layout-column\" style=\"background-position:left top;background-repeat:no-repeat;-webkit-background-size:cover;-moz-background-size:cover;-o-background-size:cover;background-size:cover;padding: 0px 0px 0px 0px;\"><div class=\"fusion-text fusion-text-1\"><div id=\"ConnectiveDocSignExtentionInstalled\" data-extension-version=\"1.0.4\"><\/div>\n<\/div><div style=\"text-align:center;\"><span class=\" fusion-imageframe imageframe-none imageframe-1 hover-type-none\"><img width=\"775\" image_height=\"388\" image_id=\"276\" title=\"Motodev-So-Watts\" src=\"http:\/\/motodev.be\/wp-content\/uploads\/2022\/04\/Motodev-So-Watts.jpg\" class=\"img-responsive wp-image-276\" srcset=\"https:\/\/motodev.be\/wp-content\/uploads\/2022\/04\/Motodev-So-Watts-200x100.jpg 200w, https:\/\/motodev.be\/wp-content\/uploads\/2022\/04\/Motodev-So-Watts-400x200.jpg 400w, https:\/\/motodev.be\/wp-content\/uploads\/2022\/04\/Motodev-So-Watts-600x300.jpg 600w, https:\/\/motodev.be\/wp-content\/uploads\/2022\/04\/Motodev-So-Watts.jpg 775w\" sizes=\"(max-width: 640px) 100vw, 775px\" \/><\/span><\/div><\/div><\/div><style type=\"text\/css\">.fusion-body .fusion-builder-column-0{width:100% !important;margin-top : 0px;margin-bottom : 0px;}.fusion-builder-column-0 > .fusion-column-wrapper {padding-top : 0px !important;padding-right : 0px !important;margin-right : 1.92%;padding-bottom : 0px !important;padding-left : 0px !important;margin-left : 1.92%;}@media only screen and (max-width:1024px) {.fusion-body .fusion-builder-column-0{width:100% !important;}.fusion-builder-column-0 > .fusion-column-wrapper {margin-right : 1.92%;margin-left : 1.92%;}}@media only screen and (max-width:640px) {.fusion-body .fusion-builder-column-0{width:100% !important;}.fusion-builder-column-0 > .fusion-column-wrapper {margin-right : 1.92%;margin-left : 1.92%;}}<\/style><\/div><style type=\"text\/css\">.fusion-body .fusion-flex-container.fusion-builder-row-1{ padding-top : 0px;margin-top : 0px;padding-right : 0px;padding-bottom : 0px;margin-bottom : 0px;padding-left : 0px;}<\/style><\/div><div class=\"fusion-fullwidth fullwidth-box fusion-builder-row-2 fusion-flex-container nonhundred-percent-fullwidth non-hundred-percent-height-scrolling\" style=\"background-color: rgba(255,255,255,0);background-position: center center;background-repeat: no-repeat;border-width: 0px 0px 0px 0px;border-color:#e2e2e2;border-style:solid;\" ><div class=\"fusion-builder-row fusion-row fusion-flex-align-items-flex-start\" style=\"max-width:1248px;margin-left: calc(-4% \/ 2 );margin-right: calc(-4% \/ 2 );\"><div class=\"fusion-layout-column fusion_builder_column fusion-builder-column-1 fusion_builder_column_1_2 1_2 fusion-flex-column\"><div class=\"fusion-column-wrapper fusion-flex-justify-content-flex-start fusion-content-layout-column\" style=\"background-position:left top;background-repeat:no-repeat;-webkit-background-size:cover;-moz-background-size:cover;-o-background-size:cover;background-size:cover;padding: 0px 0px 0px 0px;\"><\/div><\/div><style type=\"text\/css\">.fusion-body .fusion-builder-column-1{width:50% !important;margin-top : 0px;margin-bottom : 20px;}.fusion-builder-column-1 > .fusion-column-wrapper {padding-top : 0px !important;padding-right : 0px !important;margin-right : 3.84%;padding-bottom : 0px !important;padding-left : 0px !important;margin-left : 3.84%;}@media only screen and (max-width:1024px) {.fusion-body .fusion-builder-column-1{width:50% !important;order : 0;}.fusion-builder-column-1 > .fusion-column-wrapper {margin-right : 3.84%;margin-left : 3.84%;}}@media only screen and (max-width:640px) {.fusion-body .fusion-builder-column-1{width:100% !important;order : 0;}.fusion-builder-column-1 > .fusion-column-wrapper {margin-right : 1.92%;margin-left : 1.92%;}}<\/style><div class=\"fusion-layout-column fusion_builder_column fusion-builder-column-2 fusion_builder_column_1_2 1_2 fusion-flex-column\"><div class=\"fusion-column-wrapper fusion-flex-justify-content-flex-start fusion-content-layout-column\" style=\"background-position:left top;background-repeat:no-repeat;-webkit-background-size:cover;-moz-background-size:cover;-o-background-size:cover;background-size:cover;padding: 0px 0px 0px 0px;\"><\/div><\/div><style type=\"text\/css\">.fusion-body .fusion-builder-column-2{width:50% !important;margin-top : 0px;margin-bottom : 20px;}.fusion-builder-column-2 > .fusion-column-wrapper {padding-top : 0px !important;padding-right : 0px !important;margin-right : 3.84%;padding-bottom : 0px !important;padding-left : 0px !important;margin-left : 3.84%;}@media only screen and (max-width:1024px) {.fusion-body .fusion-builder-column-2{width:50% !important;order : 0;}.fusion-builder-column-2 > .fusion-column-wrapper {margin-right : 3.84%;margin-left : 3.84%;}}@media only screen and (max-width:640px) {.fusion-body .fusion-builder-column-2{width:100% !important;order : 0;}.fusion-builder-column-2 > .fusion-column-wrapper {margin-right : 1.92%;margin-left : 1.92%;}}<\/style><div class=\"fusion-layout-column fusion_builder_column fusion-builder-column-3 fusion_builder_column_3_4 3_4 fusion-flex-column\"><div class=\"fusion-column-wrapper fusion-flex-justify-content-flex-start fusion-content-layout-column\" style=\"background-position:left top;background-repeat:no-repeat;-webkit-background-size:cover;-moz-background-size:cover;-o-background-size:cover;background-size:cover;padding: 0px 0px 0px 0px;\"><div class=\"fusion-text fusion-text-2\"><p>Dans le cadre de l\u2019\u00e9preuve de motocross de Cherain qui se d\u00e9roulera les 14 et 15 mai 2022, l\u2019asbl MoToDev propose de vous initier \u00e0 la pratique de la moto tout terrain.<\/p>\n<p><strong><u>Quelle date\u00a0?<\/u><\/strong><\/p>\n<p>-Le samedi 14 et le dimanche 15 mai 2022.<\/p>\n<p><strong><u>Quel horaire\u00a0?<\/u><\/strong><\/p>\n<p>-De 9h \u00e0 12h et de 13h \u00e0 17h les deux jours.<\/p>\n<p><strong><u>Conditions pour \u00eatre accept\u00e9 \u00e0 cette initiation\u00a0?<\/u><\/strong><\/p>\n<p>-\u00catre \u00e2g\u00e9 de 6 ans \u00e0 17 ans.<\/p>\n<p>-Savoir rouler seul \u00e0 v\u00e9lo \u00e0 deux roues.<\/p>\n<p><strong><u>Quels habits dois-je porter\u00a0?<\/u><\/strong><\/p>\n<p>-Pantalon en jeans<\/p>\n<p>-Pull longues manches <u>sans capuche.<\/u><\/p>\n<p>-Chaussures hautes type bottines de marche<\/p>\n<p><strong><u>Comment s\u2019inscrire\u00a0?<\/u><\/strong><\/p>\n<p>-S\u2019inscrire via le site internet www.sowatts.be en remplissant enti\u00e8rement le bulletin d\u2019inscription cr\u00e9\u00e9 \u00e0 cet effet (nom, pr\u00e9nom, date de naissance, adresse mail, adresse postale).<\/p>\n<p>-Il y aura 6 pilotes de 6 \u00e0 10 ans et 6 pilotes de 11 \u00e0 17 ans par heures (s\u2019inscrire donc \u00e0 l\u2019heure souhait\u00e9e ou restante et dans la bonne tranche d\u2019\u00e2ge).<\/p>\n<p><strong><u>Informations g\u00e9n\u00e9rales importantes\u00a0:<\/u><\/strong><\/p>\n<p>-Le nombre de places est limit\u00e9e \u00e0 80 pilotes par jour.<\/p>\n<p>-Le casque et les gants seront mis \u00e0 disposition du pilote.<\/p>\n<p>-Les pilotes qui se seront inscrits et qui seront dans les 80 premiers recevront un mail de confirmation avec un bon d\u2019acc\u00e8s. Ce bon donnera acc\u00e8s au site de l\u2019\u00e9preuve de Cherain pour le pilote et un accompagnateur d\u00e8s 8h30 et jusqu\u2019\u00e0 16h30 pour le jour mentionn\u00e9 sur le bon. Pour les personnes suppl\u00e9mentaires, ils devront s\u2019acquitter du montant de l\u2019entr\u00e9e \u00e0 l\u2019\u00e9preuve (15 euros\/personne).<\/p>\n<p>-Les moniteurs en charge de l\u2019encadrement se r\u00e9servent le droit de refuser l\u2019acc\u00e8s \u00e0 l\u2019initiation \u00e0 la moto \u00e9lectrique.<\/p>\n<p>-l\u2019initiation se d\u00e9roulera \u00e0 proximit\u00e9 du circuit de course et du parking, sur une surface plane et suffisamment d\u00e9gag\u00e9e.<\/p>\n<p>-les motos utilis\u00e9es seront des KTM Efree ride, des KTM SXE\/Husqvarna EE, des Torrots.<\/p>\n<p>-l\u2019objectif de cette initiation sera de permettre au pilote de rouler seul sur la moto qui lui sera mise \u00e0 disposition et, si possible, d\u2019enchainer plusieurs tours sur le mini circuit. En fonction de la capacit\u00e9 du pilote, quelques petits exercices d\u2019\u00e9quilibre et de freinage lui seront propos\u00e9s.<\/p>\n<p>Dur\u00e9e de l\u2019initiation\u00a0: environ 10 minutes.<\/p>\n<p>-En fonction des possibilit\u00e9s, il sera possible de renouveler l\u2019exp\u00e9rience une seconde fois au prix de 6 euros pour 10 minutes.<\/p>\n<div id=\"ConnectiveDocSignExtentionInstalled\" data-extension-version=\"1.0.4\"><\/div>\n<\/div><\/div><\/div><style type=\"text\/css\">.fusion-body .fusion-builder-column-3{width:75% !important;margin-top : 0px;margin-bottom : 20px;}.fusion-builder-column-3 > .fusion-column-wrapper {padding-top : 0px !important;padding-right : 0px !important;margin-right : 2.56%;padding-bottom : 0px !important;padding-left : 0px !important;margin-left : 2.56%;}@media only screen and (max-width:1024px) {.fusion-body .fusion-builder-column-3{width:75% !important;order : 0;}.fusion-builder-column-3 > .fusion-column-wrapper {margin-right : 2.56%;margin-left : 2.56%;}}@media only screen and (max-width:640px) {.fusion-body .fusion-builder-column-3{width:100% !important;order : 0;}.fusion-builder-column-3 > .fusion-column-wrapper {margin-right : 1.92%;margin-left : 1.92%;}}<\/style><div class=\"fusion-layout-column fusion_builder_column fusion-builder-column-4 fusion_builder_column_1_4 1_4 fusion-flex-column\"><div class=\"fusion-column-wrapper fusion-flex-justify-content-flex-start fusion-content-layout-column\" style=\"background-position:left top;background-repeat:no-repeat;-webkit-background-size:cover;-moz-background-size:cover;-o-background-size:cover;background-size:cover;padding: 0px 0px 0px 0px;\"><div style=\"text-align:center;\"><style type=\"text\/css\">.fusion-button.button-1 .fusion-button-text, .fusion-button.button-1 i {color:#ffffff;}.fusion-button.button-1 .fusion-button-icon-divider{border-color:#ffffff;}.fusion-button.button-1:hover .fusion-button-text, .fusion-button.button-1:hover i,.fusion-button.button-1:focus .fusion-button-text, .fusion-button.button-1:focus i,.fusion-button.button-1:active .fusion-button-text, .fusion-button.button-1:active{color:#ffffff;}.fusion-button.button-1:hover .fusion-button-icon-divider, .fusion-button.button-1:hover .fusion-button-icon-divider, .fusion-button.button-1:active .fusion-button-icon-divider{border-color:#ffffff;}.fusion-button.button-1:hover, .fusion-button.button-1:focus, .fusion-button.button-1:active{border-color:#ffffff;}.fusion-button.button-1 {border-color:#ffffff;border-radius:4px;}.fusion-button.button-1.button-3d{-webkit-box-shadow: inset 0px 1px 0px #fff,0px 4px 0px #f44336,1px 6px 6px 3px rgba(0,0,0,0.3);-moz-box-shadow: inset 0px 1px 0px #fff,0px 4px 0px #f44336,1px 6px 6px 3px rgba(0,0,0,0.3);box-shadow: inset 0px 1px 0px #fff,0px 4px 0px #f44336,1px 6px 6px 3px rgba(0,0,0,0.3);}.button-1.button-3d:active{-webkit-box-shadow: inset 0px 1px 0px #fff,0px 4px 0px #f44336,1px 6px 6px 3px rgba(0,0,0,0.3);-moz-box-shadow: inset 0px 1px 0px #fff,0px 4px 0px #f44336,1px 6px 6px 3px rgba(0,0,0,0.3);box-shadow: inset 0px 1px 0px #fff,0px 4px 0px #f44336,1px 6px 6px 3px rgba(0,0,0,0.3);}.fusion-button.button-1{background: #f44336;\n\t\t\t\t\t\t\tbackground-image: -webkit-gradient( linear, left bottom, left top, from( #ffeb3b ), to( #f44336 ) );\n\t\t\t\t\t\t\tbackground-image: -webkit-linear-gradient( bottom, #ffeb3b, #f44336 );\n\t\t\t\t\t\t\tbackground-image:   -moz-linear-gradient( bottom, #ffeb3b, #f44336 );\n\t\t\t\t\t\t\tbackground-image:     -o-linear-gradient( bottom, #ffeb3b, #f44336 );\n\t\t\t\t\t\t\tbackground-image: linear-gradient( to top, #ffeb3b, #f44336 );}.fusion-button.button-1:hover,.button-1:focus,.fusion-button.button-1:active{background: #5aa86c;}<\/style><a class=\"fusion-button button-3d button-large button-custom button-1 fusion-button-default-span \" target=\"_blank\" rel=\"noopener noreferrer\" href=\"http:\/\/sowatts.be\/\"><i class=\"fa-info fas button-icon-left\" aria-hidden=\"true\"><\/i><span class=\"fusion-button-text\">Plus d&#8217;informations et inscription<\/span><\/a><\/div><\/div><\/div><style type=\"text\/css\">.fusion-body .fusion-builder-column-4{width:25% !important;margin-top : 0px;margin-bottom : 20px;}.fusion-builder-column-4 > .fusion-column-wrapper {padding-top : 0px !important;padding-right : 0px !important;margin-right : 7.68%;padding-bottom : 0px !important;padding-left : 0px !important;margin-left : 7.68%;}@media only screen and (max-width:1024px) {.fusion-body .fusion-builder-column-4{width:25% !important;order : 0;}.fusion-builder-column-4 > .fusion-column-wrapper {margin-right : 7.68%;margin-left : 7.68%;}}@media only screen and (max-width:640px) {.fusion-body .fusion-builder-column-4{width:100% !important;order : 0;}.fusion-builder-column-4 > .fusion-column-wrapper {margin-right : 1.92%;margin-left : 1.92%;}}<\/style><\/div><style type=\"text\/css\">.fusion-body .fusion-flex-container.fusion-builder-row-2{ padding-top : 0px;margin-top : 0px;padding-right : 0px;padding-bottom : 0px;margin-bottom : 0px;padding-left : 0px;}<\/style><\/div><\/p>\n","protected":false},"excerpt":{"rendered":"","protected":false},"author":1,"featured_media":0,"parent":0,"menu_order":0,"comment_status":"closed","ping_status":"closed","template":"","meta":{"_monsterinsights_skip_tracking":false,"_monsterinsights_sitenote_active":false,"_monsterinsights_sitenote_note":"","_monsterinsights_sitenote_category":0},"_links":{"self":[{"href":"https:\/\/motodev.be\/index.php?rest_route=\/wp\/v2\/pages\/278"}],"collection":[{"href":"https:\/\/motodev.be\/index.php?rest_route=\/wp\/v2\/pages"}],"about":[{"href":"https:\/\/motodev.be\/index.php?rest_route=\/wp\/v2\/types\/page"}],"author":[{"embeddable":true,"href":"https:\/\/motodev.be\/index.php?rest_route=\/wp\/v2\/users\/1"}],"replies":[{"embeddable":true,"href":"https:\/\/motodev.be\/index.php?rest_route=%2Fwp%2Fv2%2Fcomments&post=278"}],"version-history":[{"count":8,"href":"https:\/\/motodev.be\/index.php?rest_route=\/wp\/v2\/pages\/278\/revisions"}],"predecessor-version":[{"id":297,"href":"https:\/\/motodev.be\/index.php?rest_route=\/wp\/v2\/pages\/278\/revisions\/297"}],"wp:attachment":[{"href":"https:\/\/motodev.be\/index.php?rest_route=%2Fwp%2Fv2%2Fmedia&parent=278"}],"curies":[{"name":"wp","href":"https:\/\/api.w.org\/{rel}","templated":true}]}}